{"id":46369,"date":"2025-02-07T14:22:46","date_gmt":"2025-02-07T13:22:46","guid":{"rendered":"https:\/\/aigal.ch\/?page_id=46369"},"modified":"2025-02-20T10:36:07","modified_gmt":"2025-02-20T09:36:07","slug":"equipe-photographe-videaste-geneve","status":"publish","type":"page","link":"https:\/\/aigal.ch\/en\/equipe-photographe-videaste-geneve\/","title":{"rendered":"Team"},"content":{"rendered":"<div data-elementor-type=\"wp-page\" data-elementor-id=\"46369\" class=\"elementor elementor-46369\" data-elementor-post-type=\"page\">\n\t\t\t\t<div class=\"elementor-element elementor-element-2e812ea e-con-full e-flex e-con e-parent\" data-id=\"2e812ea\" data-element_type=\"container\" data-e-type=\"container\">\n\t\t<div class=\"elementor-element elementor-element-1c0c4b3 e-flex e-con-boxed e-con e-child\" data-id=\"1c0c4b3\" data-element_type=\"container\" data-e-type=\"container\" data-settings=\"{&quot;background_background&quot;:&quot;video&quot;,&quot;background_video_link&quot;:&quot;https:\\\/\\\/youtu.be\\\/snNPzGkw5DI&quot;,&quot;background_play_once&quot;:&quot;yes&quot;,&quot;background_play_on_mobile&quot;:&quot;yes&quot;}\">\n\t\t\t\t\t<div class=\"e-con-inner\">\n\t\t<div class=\"elementor-background-video-container\">\n\t\t\t\t\t\t\t<div class=\"elementor-background-video-embed\" role=\"presentation\"><\/div>\n\t\t\t\t\t\t<\/div>\t\t\t<\/div>\n\t\t\t\t<\/div>\n\t\t\t\t<div class=\"elementor-element elementor-element-0018704 elementor-widget__width-inherit elementor-widget elementor-widget-heading\" data-id=\"0018704\" data-element_type=\"widget\" data-e-type=\"widget\" data-widget_type=\"heading.default\">\n\t\t\t\t<div class=\"elementor-widget-container\">\n\t\t\t\t\t<h1 class=\"elementor-heading-title elementor-size-default\">Your team of wedding photographers and videographers<\/h1>\t\t\t\t<\/div>\n\t\t\t\t<\/div>\n\t\t\t\t<div class=\"elementor-element elementor-element-cc4893b elementor-widget__width-inherit elementor-widget elementor-widget-heading\" data-id=\"cc4893b\" data-element_type=\"widget\" data-e-type=\"widget\" data-widget_type=\"heading.default\">\n\t\t\t\t<div class=\"elementor-widget-container\">\n\t\t\t\t\t<p class=\"elementor-heading-title elementor-size-default\">A passionate team,<br>  \ndedicated to your memories.<\/p>\t\t\t\t<\/div>\n\t\t\t\t<\/div>\n\t\t\t\t<div class=\"elementor-element elementor-element-0294df4 elementor-widget__width-initial elementor-widget elementor-widget-text-editor\" data-id=\"0294df4\" data-element_type=\"widget\" data-e-type=\"widget\" data-widget_type=\"text-editor.default\">\n\t\t\t\t<div class=\"elementor-widget-container\">\n\t\t\t\t\t\t\t\t\t<p>Specialized in wedding and elopement photography and film, we capture every emotion with elegance and discretion. Whether it\u2019s an intimate ceremony or a grand celebration, our authentic and artistic approach transforms every moment into a timeless memory to cherish and pass on.<\/p>\t\t\t\t\t\t\t\t<\/div>\n\t\t\t\t<\/div>\n\t\t\t\t<div class=\"elementor-element elementor-element-8fd5cb3 elementor-author-box--layout-image-above elementor-author-box--align-center elementor-widget-mobile__width-inherit elementor-widget__width-initial elementor-widget-tablet__width-inherit elementor-widget elementor-widget-author-box\" data-id=\"8fd5cb3\" data-element_type=\"widget\" data-e-type=\"widget\" data-widget_type=\"author-box.default\">\n\t\t\t\t<div class=\"elementor-widget-container\">\n\t\t\t\t\t\t\t<div class=\"elementor-author-box\">\n\t\t\t\t\t\t\t<div  class=\"elementor-author-box__avatar\">\n\t\t\t\t\t<img decoding=\"async\" src=\"https:\/\/aigal.ch\/wp-content\/uploads\/2024\/08\/A5_00434.avif\" alt=\"Picture of Emeric Caron\" loading=\"lazy\" title=\"\">\n\t\t\t\t<\/div>\n\t\t\t\n\t\t\t<div class=\"elementor-author-box__text\">\n\t\t\t\t\t\t\t\t\t<div >\n\t\t\t\t\t\t<h3 class=\"elementor-author-box__name\">\n\t\t\t\t\t\t\tEmeric Caron\t\t\t\t\t\t<\/h3>\n\t\t\t\t\t<\/div>\n\t\t\t\t\n\t\t\t\t\t\t\t\t\t<div class=\"elementor-author-box__bio\">\n\t\t\t\t\t\t<p><b>Founder, photographer and videographer<\/b><\/p>\n<p>\u00ab Emeric Caron is a film director and professional photographer based in Geneva, and the founder of Aigal Studio. Over the years, he has established himself with a distinctive artistic identity. Since 2017, through the Aigal Wedding brand, he has been capturing the precious moments of weddings through both photography and film. His style, instantly recognizable, draws inspiration from fashion, cinema, and music, creating cinematic and emotion-filled imagery. Based in Geneva, he guides couples across Switzerland, France, and internationally, capturing each union with passion and precision. \u00bb<\/p>\n\t\t\t\t\t<\/div>\n\t\t\t\t\n\t\t\t\t\t\t\t<\/div>\n\t\t<\/div>\n\t\t\t\t\t\t<\/div>\n\t\t\t\t<\/div>\n\t\t\t\t<div class=\"elementor-element elementor-element-ebfd779 elementor-author-box--layout-image-above elementor-author-box--align-center elementor-widget-mobile__width-inherit elementor-widget__width-initial elementor-widget-tablet__width-inherit elementor-widget elementor-widget-author-box\" data-id=\"ebfd779\" data-element_type=\"widget\" data-e-type=\"widget\" data-widget_type=\"author-box.default\">\n\t\t\t\t<div class=\"elementor-widget-container\">\n\t\t\t\t\t\t\t<div class=\"elementor-author-box\">\n\t\t\t\t\t\t\t<div  class=\"elementor-author-box__avatar\">\n\t\t\t\t\t<img decoding=\"async\" src=\"https:\/\/aigal.ch\/wp-content\/uploads\/2024\/05\/0002_Aigal_07659-scaled-e1714640617232-680x1024.jpg\" alt=\"Picture of Fiona Grienenberger\" loading=\"lazy\" title=\"\">\n\t\t\t\t<\/div>\n\t\t\t\n\t\t\t<div class=\"elementor-author-box__text\">\n\t\t\t\t\t\t\t\t\t<div >\n\t\t\t\t\t\t<h3 class=\"elementor-author-box__name\">\n\t\t\t\t\t\t\tFiona Grienenberger\t\t\t\t\t\t<\/h3>\n\t\t\t\t\t<\/div>\n\t\t\t\t\n\t\t\t\t\t\t\t\t\t<div class=\"elementor-author-box__bio\">\n\t\t\t\t\t\t<p><b>Wedding photographer<\/b><\/p>\n<p>\"Fiona Grienenberger is a professionally trained photographer based in Geneva. She has been part of the Aigal Wedding and Aigal Studio team for several years, capturing weddings and baptisms with sensitivity. Her artistic approach is distinguished by cinematic and emotion-filled imagery. Based in Geneva, she travels across Switzerland, France, and internationally to capture your most beautiful moments with authenticity and elegance.\"<\/p>\n\t\t\t\t\t<\/div>\n\t\t\t\t\n\t\t\t\t\t\t\t<\/div>\n\t\t<\/div>\n\t\t\t\t\t\t<\/div>\n\t\t\t\t<\/div>\n\t\t\t\t<div class=\"elementor-element elementor-element-a3b53c0 elementor-author-box--layout-image-above elementor-author-box--align-center elementor-widget-mobile__width-inherit elementor-widget__width-initial elementor-widget-tablet__width-inherit elementor-widget elementor-widget-author-box\" data-id=\"a3b53c0\" data-element_type=\"widget\" data-e-type=\"widget\" data-widget_type=\"author-box.default\">\n\t\t\t\t<div class=\"elementor-widget-container\">\n\t\t\t\t\t\t\t<div class=\"elementor-author-box\">\n\t\t\t\t\t\t\t<div  class=\"elementor-author-box__avatar\">\n\t\t\t\t\t<img decoding=\"async\" src=\"https:\/\/aigal.ch\/wp-content\/uploads\/2025\/02\/Aigal_072004_02455-768x768.jpg\" alt=\"Picture of Lo\u00efc Ottmann\" loading=\"lazy\" title=\"\">\n\t\t\t\t<\/div>\n\t\t\t\n\t\t\t<div class=\"elementor-author-box__text\">\n\t\t\t\t\t\t\t\t\t<div >\n\t\t\t\t\t\t<h3 class=\"elementor-author-box__name\">\n\t\t\t\t\t\t\tLo\u00efc Ottmann\t\t\t\t\t\t<\/h3>\n\t\t\t\t\t<\/div>\n\t\t\t\t\n\t\t\t\t\t\t\t\t\t<div class=\"elementor-author-box__bio\">\n\t\t\t\t\t\t<p><b>Wedding filmmaker<\/b><\/p>\n<p>\"Lo\u00efc is a talented videographer specializing in weddings and FPV drone piloting. For the past two years, he has been capturing the most meaningful moments of each union with precision and creativity. Thanks to his keen eye and attention to detail, he creates authentic and elegant films that reflect the emotion of every moment. His discreet approach and technical expertise allow him to elevate each wedding through unique imagery, transforming fleeting moments into unforgettable memories.\"<\/p>\n\t\t\t\t\t<\/div>\n\t\t\t\t\n\t\t\t\t\t\t\t<\/div>\n\t\t<\/div>\n\t\t\t\t\t\t<\/div>\n\t\t\t\t<\/div>\n\t\t<div class=\"elementor-element elementor-element-d1b2b7b e-con-full e-flex e-con e-child\" data-id=\"d1b2b7b\" data-element_type=\"container\" data-e-type=\"container\" data-settings=\"{&quot;background_background&quot;:&quot;classic&quot;}\">\n\t\t<div class=\"elementor-element elementor-element-9838496 e-con-full e-flex e-con e-child\" data-id=\"9838496\" data-element_type=\"container\" data-e-type=\"container\">\n\t\t\t\t<div class=\"elementor-element elementor-element-27051ad elementor-widget elementor-widget-heading\" data-id=\"27051ad\" data-element_type=\"widget\" data-e-type=\"widget\" data-widget_type=\"heading.default\">\n\t\t\t\t<div class=\"elementor-widget-container\">\n\t\t\t\t\t<p class=\"elementor-heading-title elementor-size-default\">Unforgettable memories,<br>\ntold by those who trusted us.<\/p>\t\t\t\t<\/div>\n\t\t\t\t<\/div>\n\t\t\t\t<div class=\"elementor-element elementor-element-5e8f15c elementor-widget elementor-widget-text-editor\" data-id=\"5e8f15c\" data-element_type=\"widget\" data-e-type=\"widget\" data-widget_type=\"text-editor.default\">\n\t\t\t\t<div class=\"elementor-widget-container\">\n\t\t\t\t\t\t\t\t\t<p>Our clients are our greatest showcase. Through their words, they reflect our commitment, our attention to detail, and our passion for imagery. Every wedding, every event is a unique story we have the privilege to capture. Their words reflect the emotion and quality of our work and inspire us to create images that are ever more authentic and timeless.<\/p>\t\t\t\t\t\t\t\t<\/div>\n\t\t\t\t<\/div>\n\t\t\t\t<\/div>\n\t\t\t\t<div class=\"elementor-element elementor-element-f8a76fd elementor--v-position-bottom elementor-widget__width-initial elementor-widget-mobile__width-inherit elementor--h-position-center elementor-arrows-position-inside elementor-pagination-position-inside elementor-widget elementor-widget-slides\" data-id=\"f8a76fd\" data-element_type=\"widget\" data-e-type=\"widget\" data-settings=\"{&quot;navigation&quot;:&quot;both&quot;,&quot;infinite&quot;:&quot;yes&quot;,&quot;transition&quot;:&quot;slide&quot;,&quot;transition_speed&quot;:500}\" data-widget_type=\"slides.default\">\n\t\t\t\t<div class=\"elementor-widget-container\">\n\t\t\t\t\t\t\t\t\t<div class=\"elementor-swiper\">\n\t\t\t\t\t<div class=\"elementor-slides-wrapper elementor-main-swiper swiper\" role=\"region\" aria-roledescription=\"carousel\" aria-label=\"Slides\" dir=\"ltr\" data-animation=\"fadeInUp\">\n\t\t\t\t<div class=\"swiper-wrapper elementor-slides\">\n\t\t\t\t\t\t\t\t\t\t<div class=\"elementor-repeater-item-7060a94 swiper-slide\" role=\"group\" aria-roledescription=\"slide\"><div class=\"swiper-slide-bg\" role=\"img\" aria-label=\"Aigal_111202_01124\"><\/div><div class=\"elementor-background-overlay\"><\/div><div class=\"swiper-slide-inner\" ><div class=\"swiper-slide-contents\"><div class=\"elementor-slide-heading\">Emilie & David<\/div><p class=\"elementor-slide-description\">Fantastic experience with Emeric. Our wedding photos are perfect. On the day he helped us to relax, made us laugh and feel comfortable throughout. He was also very professional with an understanding of lighting and colours to compliment you. There is a genuiness to the emotions that\u2019s he captured in his photographs- seeing his work makes me relive all the motions again- I 100% recommend Emeric!<\/p><\/div><\/div><\/div><div class=\"elementor-repeater-item-ff0ac41 swiper-slide\" role=\"group\" aria-roledescription=\"slide\"><div class=\"swiper-slide-bg\" role=\"img\" aria-label=\"Vid\u00e9aste de mariage Vevey\"><\/div><div class=\"elementor-background-overlay\"><\/div><div class=\"swiper-slide-inner\" ><div class=\"swiper-slide-contents\"><div class=\"elementor-slide-heading\">Ly Ly & Benoit<\/div><p class=\"elementor-slide-description\">We received the USB drive, thank you again for your incredible work, Lo\u00efc! We\u2019re still just as moved every time we watch the wedding footage again. You truly captured the atmosphere and made us relive this beautiful day through the video. We are very happy with the result and couldn\u2019t be more satisfied!\n\nThank you again for your amazing work, and we will definitely recommend you and Emeric! (FR)<\/p><\/div><\/div><\/div>\t\t\t\t<\/div>\n\t\t\t\t\t\t\t\t\t\t\t\t\t\t\t<div class=\"elementor-swiper-button elementor-swiper-button-prev\" role=\"button\" tabindex=\"0\" aria-label=\"Diapositive pr\u00e9c\u00e9dente\">\n\t\t\t\t\t\t\t<svg aria-hidden=\"true\" class=\"e-font-icon-svg e-eicon-chevron-left\" viewbox=\"0 0 1000 1000\" xmlns=\"http:\/\/www.w3.org\/2000\/svg\"><path d=\"M646 125C629 125 613 133 604 142L308 442C296 454 292 471 292 487 292 504 296 521 308 533L604 854C617 867 629 875 646 875 663 875 679 871 692 858 704 846 713 829 713 812 713 796 708 779 692 767L438 487 692 225C700 217 708 204 708 187 708 171 704 154 692 142 675 129 663 125 646 125Z\"><\/path><\/svg>\t\t\t\t\t\t<\/div>\n\t\t\t\t\t\t<div class=\"elementor-swiper-button elementor-swiper-button-next\" role=\"button\" tabindex=\"0\" aria-label=\"Diapositive suivante\">\n\t\t\t\t\t\t\t<svg aria-hidden=\"true\" class=\"e-font-icon-svg e-eicon-chevron-right\" viewbox=\"0 0 1000 1000\" xmlns=\"http:\/\/www.w3.org\/2000\/svg\"><path d=\"M696 533C708 521 713 504 713 487 713 471 708 454 696 446L400 146C388 133 375 125 354 125 338 125 325 129 313 142 300 154 292 171 292 187 292 204 296 221 308 233L563 492 304 771C292 783 288 800 288 817 288 833 296 850 308 863 321 871 338 875 354 875 371 875 388 867 400 854L696 533Z\"><\/path><\/svg>\t\t\t\t\t\t<\/div>\n\t\t\t\t\t\t\t\t\t\t\t\t\t\t\t\t<div class=\"swiper-pagination\"><\/div>\n\t\t\t\t\t\t\t\t\t\t\t\t<\/div>\n\t\t\t\t<\/div>\n\t\t\t\t\t\t\t\t<\/div>\n\t\t\t\t<\/div>\n\t\t\t\t<\/div>\n\t\t\t\t<div class=\"elementor-element elementor-element-3cd6562 elementor-widget__width-inherit elementor-cta--skin-classic elementor-animated-content elementor-bg-transform elementor-bg-transform-zoom-in elementor-widget elementor-widget-call-to-action\" data-id=\"3cd6562\" data-element_type=\"widget\" data-e-type=\"widget\" data-widget_type=\"call-to-action.default\">\n\t\t\t\t<div class=\"elementor-widget-container\">\n\t\t\t\t\t\t\t<div class=\"elementor-cta\">\n\t\t\t\t\t<div class=\"elementor-cta__bg-wrapper\">\n\t\t\t\t<div class=\"elementor-cta__bg elementor-bg\" style=\"background-image: url(https:\/\/aigal.ch\/wp-content\/uploads\/2025\/02\/Aigal_032030_07696-scaled.jpg);\" role=\"img\" aria-label=\"Mariage ch\u00e2teau de Ripaille\"><\/div>\n\t\t\t\t<div class=\"elementor-cta__bg-overlay\"><\/div>\n\t\t\t<\/div>\n\t\t\t\t\t\t\t<div class=\"elementor-cta__content\">\n\t\t\t\t\n\t\t\t\t\t\t\t\t\t<h2 class=\"elementor-cta__title elementor-cta__content-item elementor-content-item\">\n\t\t\t\t\t\tA passionate team by your side\t\t\t\t\t<\/h2>\n\t\t\t\t\n\t\t\t\t\t\t\t\t\t<div class=\"elementor-cta__description elementor-cta__content-item elementor-content-item\">\n\t\t\t\t\t\tPhotographer, videographer, or both : we put our expertise at the service of your story.<br>Each image is thoughtfully taken to reflect the emotion and authenticity of your wedding.\t\t\t\t\t<\/div>\n\t\t\t\t\n\t\t\t\t\t\t\t\t\t<div class=\"elementor-cta__button-wrapper elementor-cta__content-item elementor-content-item\">\n\t\t\t\t\t<a class=\"elementor-cta__button elementor-button elementor-size-\" href=\"mailto:info@aigal.ch\">\n\t\t\t\t\t\tLet\u2019s talk about your project !\t\t\t\t\t<\/a>\n\t\t\t\t\t<\/div>\n\t\t\t\t\t\t\t<\/div>\n\t\t\t\t\t\t<\/div>\n\t\t\t\t\t\t<\/div>\n\t\t\t\t<\/div>\n\t\t\t\t<\/div>\n\t\t\t\t<\/div>","protected":false},"excerpt":{"rendered":"<p>Une \u00e9quipe passionn\u00e9e, au service de vos souvenirs. Sp\u00e9cialis\u00e9s dans la photographie et la vid\u00e9o de mariage et d\u2019elopements, nous capturons chaque \u00e9motion avec \u00e9l\u00e9gance et discr\u00e9tion. Une c\u00e9r\u00e9monie intime ou un mariage grandiose, notre approche authentique et artistique transforme chaque instant en un souvenir intemporel \u00e0 ch\u00e9rir et transmettre. Des souvenirs inoubliables, racont\u00e9s par [&hellip;]<\/p>\n","protected":false},"author":1,"featured_media":0,"parent":0,"menu_order":0,"comment_status":"closed","ping_status":"closed","template":"","meta":{"_acf_changed":false,"footnotes":""},"class_list":["post-46369","page","type-page","status-publish","hentry"],"acf":[],"_links":{"self":[{"href":"https:\/\/aigal.ch\/en\/wp-json\/wp\/v2\/pages\/46369","targetHints":{"allow":["GET"]}}],"collection":[{"href":"https:\/\/aigal.ch\/en\/wp-json\/wp\/v2\/pages"}],"about":[{"href":"https:\/\/aigal.ch\/en\/wp-json\/wp\/v2\/types\/page"}],"author":[{"embeddable":true,"href":"https:\/\/aigal.ch\/en\/wp-json\/wp\/v2\/users\/1"}],"replies":[{"embeddable":true,"href":"https:\/\/aigal.ch\/en\/wp-json\/wp\/v2\/comments?post=46369"}],"version-history":[{"count":63,"href":"https:\/\/aigal.ch\/en\/wp-json\/wp\/v2\/pages\/46369\/revisions"}],"predecessor-version":[{"id":47323,"href":"https:\/\/aigal.ch\/en\/wp-json\/wp\/v2\/pages\/46369\/revisions\/47323"}],"wp:attachment":[{"href":"https:\/\/aigal.ch\/en\/wp-json\/wp\/v2\/media?parent=46369"}],"curies":[{"name":"wp","href":"https:\/\/api.w.org\/{rel}","templated":true}]}}