{"id":48515,"date":"2026-03-11T08:52:01","date_gmt":"2026-03-11T07:52:01","guid":{"rendered":"https:\/\/aigal.ch\/?page_id=48515"},"modified":"2026-03-11T08:52:02","modified_gmt":"2026-03-11T07:52:02","slug":"wedding-photographer","status":"publish","type":"page","link":"https:\/\/aigal.ch\/en\/wedding-photographer\/","title":{"rendered":"Wedding photographer"},"content":{"rendered":"<div data-elementor-type=\"wp-page\" data-elementor-id=\"48515\" class=\"elementor elementor-48515\" data-elementor-post-type=\"page\">\n\t\t\t\t<div class=\"elementor-element elementor-element-af41611 e-con-full e-flex e-con e-parent\" data-id=\"af41611\" data-element_type=\"container\" data-e-type=\"container\" data-settings=\"{&quot;background_background&quot;:&quot;classic&quot;}\">\n\t\t\t\t<\/div>\n\t\t<div class=\"elementor-element elementor-element-8ffba19 e-con-full e-flex e-con e-parent\" data-id=\"8ffba19\" data-element_type=\"container\" data-e-type=\"container\">\n\t\t<div class=\"elementor-element elementor-element-c6ba31a e-con-full e-flex e-con e-parent\" data-id=\"c6ba31a\" data-element_type=\"container\" data-e-type=\"container\" data-settings=\"{&quot;background_background&quot;:&quot;classic&quot;}\">\n\t\t\t\t<div class=\"elementor-element elementor-element-e233e68 elementor-widget elementor-widget-heading\" data-id=\"e233e68\" data-element_type=\"widget\" data-e-type=\"widget\" data-widget_type=\"heading.default\">\n\t\t\t\t<div class=\"elementor-widget-container\">\n\t\t\t\t\t<h2 class=\"elementor-heading-title elementor-size-default\">Wedding photographer<\/h2>\t\t\t\t<\/div>\n\t\t\t\t<\/div>\n\t\t\t\t<div class=\"elementor-element elementor-element-879b248 elementor-widget elementor-widget-text-editor\" data-id=\"879b248\" data-element_type=\"widget\" data-e-type=\"widget\" data-widget_type=\"text-editor.default\">\n\t\t\t\t<div class=\"elementor-widget-container\">\n\t\t\t\t\t\t\t\t\t<p><em>\u00ab\u00a0Chaque mariage est unique, rempli de moments magiques et d&rsquo;\u00e9motions intenses.\u00a0\u00bb<\/em><\/p><p>En combinant notre passion pour l&rsquo;art et notre sensibilit\u00e9 artistique, nous r\u00e9alisons des images intemporelles qui racontent une histoire unique, celle de votre amour<\/p><p>Nous accordons une grande importance \u00e0 conna\u00eetre vos pr\u00e9f\u00e9rences et vos souhaits, cela nous permet de capturer votre personnalit\u00e9 et votre essence dans chaque photo, en cr\u00e9ant des images qui vous feront revivre chaque instant pr\u00e9cieux.<\/p><p>La Suisse offre des paysages \u00e0 couper le souffle, des montagnes majestueuses, des lacs scintillants et des villes pittoresques. Que vous envisagiez un mariage intime au sommet d&rsquo;une montagne ou une c\u00e9r\u00e9monie somptueuse dans un ch\u00e2teau, nous saurons mettre en valeur chaque d\u00e9cor avec \u00e9l\u00e9gance et cr\u00e9ativit\u00e9.<\/p><p>En plus de la couverture de votre journ\u00e9e de mariage, nous proposons \u00e9galement des s\u00e9ances photo pr\u00e9-mariage et post-mariage.<\/p><p>Que ce soit devant le Cervin embl\u00e9matique, dans les ruelles pittoresques de Lucerne ou sur les rives du lac L\u00e9man, nous immortaliserons votre amour dans des cadres magnifiques.<\/p>\t\t\t\t\t\t\t\t<\/div>\n\t\t\t\t<\/div>\n\t\t\t\t<\/div>\n\t\t<div class=\"elementor-element elementor-element-6fd7760 e-con-full e-flex e-con e-parent\" data-id=\"6fd7760\" data-element_type=\"container\" data-e-type=\"container\" data-settings=\"{&quot;background_background&quot;:&quot;classic&quot;}\">\n\t\t\t\t<\/div>\n\t\t\t\t<\/div>\n\t\t<div class=\"elementor-element elementor-element-65ed009 e-flex e-con-boxed e-con e-parent\" data-id=\"65ed009\" data-element_type=\"container\" data-e-type=\"container\">\n\t\t\t\t\t<div class=\"e-con-inner\">\n\t\t<div class=\"elementor-element elementor-element-0744dd7 e-con-full e-flex e-con e-parent\" data-id=\"0744dd7\" data-element_type=\"container\" data-e-type=\"container\" data-settings=\"{&quot;background_background&quot;:&quot;classic&quot;}\">\n\t\t\t\t<div class=\"elementor-element elementor-element-5425e2d elementor-widget elementor-widget-heading\" data-id=\"5425e2d\" data-element_type=\"widget\" data-e-type=\"widget\" data-widget_type=\"heading.default\">\n\t\t\t\t<div class=\"elementor-widget-container\">\n\t\t\t\t\t<h2 class=\"elementor-heading-title elementor-size-default\">Our services<\/h2>\t\t\t\t<\/div>\n\t\t\t\t<\/div>\n\t\t\t\t<\/div>\n\t\t<div class=\"elementor-element elementor-element-092776a e-con-full e-flex e-con e-parent\" data-id=\"092776a\" data-element_type=\"container\" data-e-type=\"container\" data-settings=\"{&quot;background_background&quot;:&quot;classic&quot;}\">\n\t\t\t\t<div class=\"elementor-element elementor-element-685e62f elementor-widget__width-initial elementor-widget elementor-widget-icon-box\" data-id=\"685e62f\" data-element_type=\"widget\" data-e-type=\"widget\" data-widget_type=\"icon-box.default\">\n\t\t\t\t<div class=\"elementor-widget-container\">\n\t\t\t\t\t\t\t<div class=\"elementor-icon-box-wrapper\">\n\n\t\t\t\n\t\t\t\t\t\t<div class=\"elementor-icon-box-content\">\n\n\t\t\t\t\t\t\t\t\t<h3 class=\"elementor-icon-box-title\">\n\t\t\t\t\t\t<a href=\"https:\/\/aigal.ch\/photographe-mariage\/\" >\n\t\t\t\t\t\t\tWedding photographer\t\t\t\t\t\t<\/a>\n\t\t\t\t\t<\/h3>\n\t\t\t\t\n\t\t\t\t\t\t\t\t\t<p class=\"elementor-icon-box-description\">\n\t\t\t\t\t\tDes photos de mariage naturelles et pleines d'\u00e9motions.\u200b\n<br \/>\n<a href=\"https:\/\/aigal.ch\/photographe-mariage\"><b> &gt; Details<\/b><\/a>\t\t\t\t\t<\/p>\n\t\t\t\t\n\t\t\t<\/div>\n\t\t\t\n\t\t<\/div>\n\t\t\t\t\t\t<\/div>\n\t\t\t\t<\/div>\n\t\t\t\t<div class=\"elementor-element elementor-element-3a3c210 elementor-widget__width-initial elementor-widget elementor-widget-icon-box\" data-id=\"3a3c210\" data-element_type=\"widget\" data-e-type=\"widget\" data-widget_type=\"icon-box.default\">\n\t\t\t\t<div class=\"elementor-widget-container\">\n\t\t\t\t\t\t\t<div class=\"elementor-icon-box-wrapper\">\n\n\t\t\t\n\t\t\t\t\t\t<div class=\"elementor-icon-box-content\">\n\n\t\t\t\t\t\t\t\t\t<h3 class=\"elementor-icon-box-title\">\n\t\t\t\t\t\t<a href=\"https:\/\/aigal.ch\/videaste-mariage\/\" >\n\t\t\t\t\t\t\tVid\u00e9o de mariage \t\t\t\t\t\t<\/a>\n\t\t\t\t\t<\/h3>\n\t\t\t\t\n\t\t\t\t\t\t\t\t\t<p class=\"elementor-icon-box-description\">\n\t\t\t\t\t\tMes vid\u00e9os de mariage cin\u00e9matiques transmettent toute la beaut\u00e9 de votre union.\u200b\n<br \/>\n<a href=\"https:\/\/aigal.ch\/videaste-mariage\"><b> &gt; Details<\/b><\/a>\t\t\t\t\t<\/p>\n\t\t\t\t\n\t\t\t<\/div>\n\t\t\t\n\t\t<\/div>\n\t\t\t\t\t\t<\/div>\n\t\t\t\t<\/div>\n\t\t\t\t<\/div>\n\t\t\t\t\t<\/div>\n\t\t\t\t<\/div>\n\t\t<div class=\"elementor-element elementor-element-8fb8806 e-con-full e-flex e-con e-parent\" data-id=\"8fb8806\" data-element_type=\"container\" data-e-type=\"container\">\n\t\t<div class=\"elementor-element elementor-element-31b0a24 e-con-full e-flex e-con e-parent\" data-id=\"31b0a24\" data-element_type=\"container\" data-e-type=\"container\" data-settings=\"{&quot;background_background&quot;:&quot;classic&quot;}\">\n\t\t\t\t<div class=\"elementor-element elementor-element-e869a88 elementor-widget__width-inherit elementor-widget elementor-widget-gallery\" data-id=\"e869a88\" data-element_type=\"widget\" data-e-type=\"widget\" data-settings=\"{&quot;overlay_description&quot;:&quot;caption&quot;,&quot;columns&quot;:8,&quot;gap&quot;:{&quot;unit&quot;:&quot;px&quot;,&quot;size&quot;:20,&quot;sizes&quot;:[]},&quot;columns_tablet&quot;:4,&quot;aspect_ratio&quot;:&quot;9:16&quot;,&quot;lazyload&quot;:&quot;yes&quot;,&quot;gallery_layout&quot;:&quot;grid&quot;,&quot;gap_tablet&quot;:{&quot;unit&quot;:&quot;px&quot;,&quot;size&quot;:10,&quot;sizes&quot;:[]},&quot;gap_mobile&quot;:{&quot;unit&quot;:&quot;px&quot;,&quot;size&quot;:10,&quot;sizes&quot;:[]},&quot;link_to&quot;:&quot;file&quot;,&quot;overlay_background&quot;:&quot;yes&quot;,&quot;content_hover_animation&quot;:&quot;fade-in&quot;}\" data-widget_type=\"gallery.default\">\n\t\t\t\t<div class=\"elementor-widget-container\">\n\t\t\t\t\t\t\t<div class=\"elementor-gallery__container\">\n\t\t\t\t\t\t\t<a class=\"e-gallery-item elementor-gallery-item elementor-animated-content\" href=\"https:\/\/aigal.ch\/wp-content\/uploads\/2023\/05\/R4_03273.jpg\" data-elementor-open-lightbox=\"yes\" data-elementor-lightbox-slideshow=\"e869a88\" data-elementor-lightbox-title=\"Mariage \u00e0 Paris\" data-elementor-lightbox-description=\"Mariage \u00e0 Paris\" data-e-action-hash=\"#elementor-action%3Aaction%3Dlightbox%26settings%3DeyJpZCI6Mzc0MDUsInVybCI6Imh0dHBzOlwvXC9haWdhbC5jaFwvd3AtY29udGVudFwvdXBsb2Fkc1wvMjAyM1wvMDVcL1I0XzAzMjczLmpwZyIsInNsaWRlc2hvdyI6ImU4NjlhODgifQ%3D%3D\">\n\t\t\t\t\t<div class=\"e-gallery-image elementor-gallery-item__image\" data-thumbnail=\"https:\/\/aigal.ch\/wp-content\/uploads\/2023\/05\/R4_03273-768x1152.jpg\" data-width=\"768\" data-height=\"1152\" aria-label=\"Asian wedding photographer Paris\" role=\"img\" ><\/div>\n\t\t\t\t\t\t\t\t\t\t\t<div class=\"elementor-gallery-item__overlay\"><\/div>\n\t\t\t\t\t\t\t\t\t\t\t\t\t\t\t<div class=\"elementor-gallery-item__content\">\n\t\t\t\t\t\t\t\t\t\t\t\t\t\t<div class=\"elementor-gallery-item__description\">\n\t\t\t\t\t\t\t\t\t\t\t\t\t\t\t\t\t\tWedding in Paris\t\t\t\t\t\t\t\t<\/div>\n\t\t\t\t\t\t\t\t\t\t\t\t<\/div>\n\t\t\t\t\t\t\t\t\t<\/a>\n\t\t\t\t\t\t\t<a class=\"e-gallery-item elementor-gallery-item elementor-animated-content\" href=\"https:\/\/aigal.ch\/wp-content\/uploads\/2023\/05\/79_05094.jpg\" data-elementor-open-lightbox=\"yes\" data-elementor-lightbox-slideshow=\"e869a88\" data-elementor-lightbox-title=\"Mariage \u00e0 Annecy, l&#039;Imperial Palace, Pont des Amours\" data-elementor-lightbox-description=\"Mariage \u00e0 Annecy, l&#039;Imperial Palace, Pont des Amours\" data-e-action-hash=\"#elementor-action%3Aaction%3Dlightbox%26settings%3DeyJpZCI6MzgwODcsInVybCI6Imh0dHBzOlwvXC9haWdhbC5jaFwvd3AtY29udGVudFwvdXBsb2Fkc1wvMjAyM1wvMDVcLzc5XzA1MDk0LmpwZyIsInNsaWRlc2hvdyI6ImU4NjlhODgifQ%3D%3D\">\n\t\t\t\t\t<div class=\"e-gallery-image elementor-gallery-item__image\" data-thumbnail=\"https:\/\/aigal.ch\/wp-content\/uploads\/2023\/05\/79_05094-768x1151.jpg\" data-width=\"768\" data-height=\"1151\" aria-label=\"Wedding Photographer Annecy Imperial Palace Pont Amours\" role=\"img\" ><\/div>\n\t\t\t\t\t\t\t\t\t\t\t<div class=\"elementor-gallery-item__overlay\"><\/div>\n\t\t\t\t\t\t\t\t\t\t\t\t\t\t\t<div class=\"elementor-gallery-item__content\">\n\t\t\t\t\t\t\t\t\t\t\t\t\t\t<div class=\"elementor-gallery-item__description\">\n\t\t\t\t\t\t\t\t\t\t\t\t\t\t\t\t\t\tWedding in Annecy, the Imperial Palace, Pont des Amours\t\t\t\t\t\t\t\t<\/div>\n\t\t\t\t\t\t\t\t\t\t\t\t<\/div>\n\t\t\t\t\t\t\t\t\t<\/a>\n\t\t\t\t\t\t\t<a class=\"e-gallery-item elementor-gallery-item elementor-animated-content\" href=\"https:\/\/aigal.ch\/wp-content\/uploads\/2023\/05\/454_05288.jpg\" data-elementor-open-lightbox=\"yes\" data-elementor-lightbox-slideshow=\"e869a88\" data-elementor-lightbox-title=\"454_05288\" data-elementor-lightbox-description=\"Mariage \u00e0 la Chartreuse de Pomier, Haute-Savoie\" data-e-action-hash=\"#elementor-action%3Aaction%3Dlightbox%26settings%3DeyJpZCI6MzczNTYsInVybCI6Imh0dHBzOlwvXC9haWdhbC5jaFwvd3AtY29udGVudFwvdXBsb2Fkc1wvMjAyM1wvMDVcLzQ1NF8wNTI4OC5qcGciLCJzbGlkZXNob3ciOiJlODY5YTg4In0%3D\">\n\t\t\t\t\t<div class=\"e-gallery-image elementor-gallery-item__image\" data-thumbnail=\"https:\/\/aigal.ch\/wp-content\/uploads\/2023\/05\/454_05288-768x1152.jpg\" data-width=\"768\" data-height=\"1152\" aria-label=\"Wedding Photographer Chartreuse de Pomier Haute-Savoie\" role=\"img\" ><\/div>\n\t\t\t\t\t\t\t\t\t\t\t<div class=\"elementor-gallery-item__overlay\"><\/div>\n\t\t\t\t\t\t\t\t\t\t\t\t\t\t\t<div class=\"elementor-gallery-item__content\">\n\t\t\t\t\t\t\t\t\t\t\t\t\t\t<div class=\"elementor-gallery-item__description\">\n\t\t\t\t\t\t\t\t\t\t\t\t\t\t\t\t\t\tWedding at Chartreuse de Pomier, Haute-Savoie\t\t\t\t\t\t\t\t<\/div>\n\t\t\t\t\t\t\t\t\t\t\t\t<\/div>\n\t\t\t\t\t\t\t\t\t<\/a>\n\t\t\t\t\t\t\t<a class=\"e-gallery-item elementor-gallery-item elementor-animated-content\" href=\"https:\/\/aigal.ch\/wp-content\/uploads\/2023\/05\/292_IMG_3312.jpg\" data-elementor-open-lightbox=\"yes\" data-elementor-lightbox-slideshow=\"e869a88\" data-elementor-lightbox-title=\"Mariage au Ch\u00e2teau de Vallery en Bourgogne\" data-elementor-lightbox-description=\"Mariage au Ch\u00e2teau de Vallery en Bourgogne\" data-e-action-hash=\"#elementor-action%3Aaction%3Dlightbox%26settings%3DeyJpZCI6MzcyMDIsInVybCI6Imh0dHBzOlwvXC9haWdhbC5jaFwvd3AtY29udGVudFwvdXBsb2Fkc1wvMjAyM1wvMDVcLzI5Ml9JTUdfMzMxMi5qcGciLCJzbGlkZXNob3ciOiJlODY5YTg4In0%3D\">\n\t\t\t\t\t<div class=\"e-gallery-image elementor-gallery-item__image\" data-thumbnail=\"https:\/\/aigal.ch\/wp-content\/uploads\/2023\/05\/292_IMG_3312-768x1151.jpg\" data-width=\"768\" data-height=\"1151\" aria-label=\"Wedding photographer Ch\u00e2teau de Vallery Burgundy\" role=\"img\" ><\/div>\n\t\t\t\t\t\t\t\t\t\t\t<div class=\"elementor-gallery-item__overlay\"><\/div>\n\t\t\t\t\t\t\t\t\t\t\t\t\t\t\t<div class=\"elementor-gallery-item__content\">\n\t\t\t\t\t\t\t\t\t\t\t\t\t\t<div class=\"elementor-gallery-item__description\">\n\t\t\t\t\t\t\t\t\t\t\t\t\t\t\t\t\t\tWedding at Ch\u00e2teau de Vallery in Burgundy\t\t\t\t\t\t\t\t<\/div>\n\t\t\t\t\t\t\t\t\t\t\t\t<\/div>\n\t\t\t\t\t\t\t\t\t<\/a>\n\t\t\t\t\t\t\t<a class=\"e-gallery-item elementor-gallery-item elementor-animated-content\" href=\"https:\/\/aigal.ch\/wp-content\/uploads\/2023\/05\/48_01619.jpg\" data-elementor-open-lightbox=\"yes\" data-elementor-lightbox-slideshow=\"e869a88\" data-elementor-lightbox-title=\"Mariage de Salima et Benoit \u00e0 la Mairie des Eaux-Vives Gen\u00e8ve\" data-elementor-lightbox-description=\"Mariage de Salima et Benoit \u00e0 la Mairie des Eaux-Vives Gen\u00e8ve\" data-e-action-hash=\"#elementor-action%3Aaction%3Dlightbox%26settings%3DeyJpZCI6Mzc5ODcsInVybCI6Imh0dHBzOlwvXC9haWdhbC5jaFwvd3AtY29udGVudFwvdXBsb2Fkc1wvMjAyM1wvMDVcLzQ4XzAxNjE5LmpwZyIsInNsaWRlc2hvdyI6ImU4NjlhODgifQ%3D%3D\">\n\t\t\t\t\t<div class=\"e-gallery-image elementor-gallery-item__image\" data-thumbnail=\"https:\/\/aigal.ch\/wp-content\/uploads\/2023\/05\/48_01619-768x1152.jpg\" data-width=\"768\" data-height=\"1152\" aria-label=\"Wedding Photographer Town Hall of Eaux-Vives Geneva\" role=\"img\" ><\/div>\n\t\t\t\t\t\t\t\t\t\t\t<div class=\"elementor-gallery-item__overlay\"><\/div>\n\t\t\t\t\t\t\t\t\t\t\t\t\t\t\t<div class=\"elementor-gallery-item__content\">\n\t\t\t\t\t\t\t\t\t\t\t\t\t\t<div class=\"elementor-gallery-item__description\">\n\t\t\t\t\t\t\t\t\t\t\t\t\t\t\t\t\t\tWedding of Salima and Benoit at the Town Hall of Eaux-Vives Geneva\t\t\t\t\t\t\t\t<\/div>\n\t\t\t\t\t\t\t\t\t\t\t\t<\/div>\n\t\t\t\t\t\t\t\t\t<\/a>\n\t\t\t\t\t\t\t<a class=\"e-gallery-item elementor-gallery-item elementor-animated-content\" href=\"https:\/\/aigal.ch\/wp-content\/uploads\/2023\/05\/617A4302227.jpg\" data-elementor-open-lightbox=\"yes\" data-elementor-lightbox-slideshow=\"e869a88\" data-elementor-lightbox-title=\"Mariage \u00e0 Gen\u00e8ve de Gwendoline et Damien\" data-elementor-lightbox-description=\"Mariage \u00e0 Gen\u00e8ve de Gwendoline et Damien\" data-e-action-hash=\"#elementor-action%3Aaction%3Dlightbox%26settings%3DeyJpZCI6MzgyMTcsInVybCI6Imh0dHBzOlwvXC9haWdhbC5jaFwvd3AtY29udGVudFwvdXBsb2Fkc1wvMjAyM1wvMDVcLzYxN0E0MzAyMjI3LmpwZyIsInNsaWRlc2hvdyI6ImU4NjlhODgifQ%3D%3D\">\n\t\t\t\t\t<div class=\"e-gallery-image elementor-gallery-item__image\" data-thumbnail=\"https:\/\/aigal.ch\/wp-content\/uploads\/2023\/05\/617A4302227-768x1152.jpg\" data-width=\"768\" data-height=\"1152\" aria-label=\"Wedding photographer Geneva Church\" role=\"img\" ><\/div>\n\t\t\t\t\t\t\t\t\t\t\t<div class=\"elementor-gallery-item__overlay\"><\/div>\n\t\t\t\t\t\t\t\t\t\t\t\t\t\t\t<div class=\"elementor-gallery-item__content\">\n\t\t\t\t\t\t\t\t\t\t\t\t\t\t<div class=\"elementor-gallery-item__description\">\n\t\t\t\t\t\t\t\t\t\t\t\t\t\t\t\t\t\tWedding in Geneva of Gwendoline and Damien\t\t\t\t\t\t\t\t<\/div>\n\t\t\t\t\t\t\t\t\t\t\t\t<\/div>\n\t\t\t\t\t\t\t\t\t<\/a>\n\t\t\t\t\t\t\t<a class=\"e-gallery-item elementor-gallery-item elementor-animated-content\" href=\"https:\/\/aigal.ch\/wp-content\/uploads\/2023\/05\/0025_Aigal_09029.jpg\" data-elementor-open-lightbox=\"yes\" data-elementor-lightbox-slideshow=\"e869a88\" data-elementor-lightbox-title=\"Mariage \u00e0 la mairie des Eaux-Vives \u00e0 Gen\u00e8ve\" data-elementor-lightbox-description=\"Mariage \u00e0 la mairie des Eaux-Vives \u00e0 Gen\u00e8ve\" data-e-action-hash=\"#elementor-action%3Aaction%3Dlightbox%26settings%3DeyJpZCI6MzcwMTksInVybCI6Imh0dHBzOlwvXC9haWdhbC5jaFwvd3AtY29udGVudFwvdXBsb2Fkc1wvMjAyM1wvMDVcLzAwMjVfQWlnYWxfMDkwMjkuanBnIiwic2xpZGVzaG93IjoiZTg2OWE4OCJ9\">\n\t\t\t\t\t<div class=\"e-gallery-image elementor-gallery-item__image\" data-thumbnail=\"https:\/\/aigal.ch\/wp-content\/uploads\/2023\/05\/0025_Aigal_09029-768x512.jpg\" data-width=\"768\" data-height=\"512\" aria-label=\"Eaux-Vives Geneva town hall wedding photographer\" role=\"img\" ><\/div>\n\t\t\t\t\t\t\t\t\t\t\t<div class=\"elementor-gallery-item__overlay\"><\/div>\n\t\t\t\t\t\t\t\t\t\t\t\t\t\t\t<div class=\"elementor-gallery-item__content\">\n\t\t\t\t\t\t\t\t\t\t\t\t\t\t<div class=\"elementor-gallery-item__description\">\n\t\t\t\t\t\t\t\t\t\t\t\t\t\t\t\t\t\tWedding at the Eaux-Vives town hall in Geneva\t\t\t\t\t\t\t\t<\/div>\n\t\t\t\t\t\t\t\t\t\t\t\t<\/div>\n\t\t\t\t\t\t\t\t\t<\/a>\n\t\t\t\t\t\t\t<a class=\"e-gallery-item elementor-gallery-item elementor-animated-content\" href=\"https:\/\/aigal.ch\/wp-content\/uploads\/2023\/03\/07064.jpg\" data-elementor-open-lightbox=\"yes\" data-elementor-lightbox-slideshow=\"e869a88\" data-elementor-lightbox-title=\"Mariage \u00e0 l&#039;h\u00f4tel M\u00e9tropole \u00e0 Gen\u00e8ve\" data-elementor-lightbox-description=\"Mariage \u00e0 l&#039;h\u00f4tel M\u00e9tropole \u00e0 Gen\u00e8ve\" data-e-action-hash=\"#elementor-action%3Aaction%3Dlightbox%26settings%3DeyJpZCI6MzU3NjYsInVybCI6Imh0dHBzOlwvXC9haWdhbC5jaFwvd3AtY29udGVudFwvdXBsb2Fkc1wvMjAyM1wvMDNcLzA3MDY0LmpwZyIsInNsaWRlc2hvdyI6ImU4NjlhODgifQ%3D%3D\">\n\t\t\t\t\t<div class=\"e-gallery-image elementor-gallery-item__image\" data-thumbnail=\"https:\/\/aigal.ch\/wp-content\/uploads\/2023\/03\/07064-768x1151.jpg\" data-width=\"768\" data-height=\"1151\" aria-label=\"Geneva Metropole Hotel Wedding Photographer\" role=\"img\" ><\/div>\n\t\t\t\t\t\t\t\t\t\t\t<div class=\"elementor-gallery-item__overlay\"><\/div>\n\t\t\t\t\t\t\t\t\t\t\t\t\t\t\t<div class=\"elementor-gallery-item__content\">\n\t\t\t\t\t\t\t\t\t\t\t\t\t\t<div class=\"elementor-gallery-item__description\">\n\t\t\t\t\t\t\t\t\t\t\t\t\t\t\t\t\t\tWedding at the Metropole hotel in Geneva\t\t\t\t\t\t\t\t<\/div>\n\t\t\t\t\t\t\t\t\t\t\t\t<\/div>\n\t\t\t\t\t\t\t\t\t<\/a>\n\t\t\t\t\t<\/div>\n\t\t\t\t\t<\/div>\n\t\t\t\t<\/div>\n\t\t\t\t<\/div>\n\t\t\t\t<\/div>\n\t\t\t\t<section class=\"elementor-section elementor-top-section elementor-element elementor-element-e880995 elementor-section-full_width elementor-section-height-default elementor-section-height-default\" data-id=\"e880995\" data-element_type=\"section\" data-e-type=\"section\">\n\t\t\t\t\t\t<div class=\"elementor-container elementor-column-gap-no\">\n\t\t\t\t\t<div class=\"elementor-column elementor-col-100 elementor-top-column elementor-element elementor-element-727c508\" data-id=\"727c508\" data-element_type=\"column\" data-e-type=\"column\">\n\t\t\t<div class=\"elementor-widget-wrap elementor-element-populated\">\n\t\t\t\t\t\t<div class=\"elementor-element elementor-element-9e1d340 elementor-widget elementor-widget-template\" data-id=\"9e1d340\" data-element_type=\"widget\" data-e-type=\"widget\" data-widget_type=\"template.default\">\n\t\t\t\t<div class=\"elementor-widget-container\">\n\t\t\t\t\t\t\t<div class=\"elementor-template\">\n\t\t\t\t\t<div data-elementor-type=\"page\" data-elementor-id=\"31298\" class=\"elementor elementor-31298\" data-elementor-post-type=\"elementor_library\">\n\t\t\t\t<div class=\"elementor-element elementor-element-b36b38e e-con-full e-flex e-con e-parent\" data-id=\"b36b38e\" data-element_type=\"container\" data-e-type=\"container\">\n\t\t<div class=\"elementor-element elementor-element-9c96bad e-flex e-con-boxed e-con e-parent\" data-id=\"9c96bad\" data-element_type=\"container\" data-e-type=\"container\" data-settings=\"{&quot;background_background&quot;:&quot;classic&quot;}\">\n\t\t\t\t\t<div class=\"e-con-inner\">\n\t\t\t\t<div class=\"elementor-element elementor-element-7794c74 elementor-widget elementor-widget-heading\" data-id=\"7794c74\" data-element_type=\"widget\" data-e-type=\"widget\" data-widget_type=\"heading.default\">\n\t\t\t\t<div class=\"elementor-widget-container\">\n\t\t\t\t\t<h2 class=\"elementor-heading-title elementor-size-default\">Who am I?<\/h2>\t\t\t\t<\/div>\n\t\t\t\t<\/div>\n\t\t\t\t<div class=\"elementor-element elementor-element-63c17a7 elementor-widget elementor-widget-text-editor\" data-id=\"63c17a7\" data-element_type=\"widget\" data-e-type=\"widget\" data-widget_type=\"text-editor.default\">\n\t\t\t\t<div class=\"elementor-widget-container\">\n\t\t\t\t\t\t\t\t\tMy name is Emeric Caron and I have been for several years <a href=\"https:\/\/aigal-studio.ch\/realisation-video-geneve\/\" target=\"_blank\" rel=\"noopener\">filmmaker<\/a>\u00a0et <a href=\"https:\/\/aigal-studio.ch\/photographe-geneve\/\" target=\"_blank\" rel=\"noopener\">photographer<\/a> professionnel \u00e0 Gen\u00e8ve, plus connu sous le nom d&rsquo;Aigal Wedding. Depuis 2017, je r\u00e9alise des photos et vid\u00e9o de mariage et d\u00e9velopp\u00e9 ma propre identit\u00e9 artistique. Facilement identifiables, inspir\u00e9es par la mode, le cin\u00e9ma et la musique, mes images sont cin\u00e9matiques et pleines d&rsquo;\u00e9motions. Localis\u00e9 \u00e0 <a href=\"https:\/\/aigal.ch\/\">Geneva<\/a>, je vous suivrai dans toute la <a href=\"https:\/\/aigal.ch\/suisse\/\">Switzerland<\/a>, la France ainsi qu&rsquo;\u00e0 l&rsquo;international pour photographier et filmer votre mariage.\t\t\t\t\t\t\t\t<\/div>\n\t\t\t\t<\/div>\n\t\t\t\t\t<\/div>\n\t\t\t\t<\/div>\n\t\t<div class=\"elementor-element elementor-element-157a124 e-flex e-con-boxed e-con e-parent\" data-id=\"157a124\" data-element_type=\"container\" data-e-type=\"container\" data-settings=\"{&quot;background_background&quot;:&quot;classic&quot;}\">\n\t\t\t\t\t<div class=\"e-con-inner\">\n\t\t\t\t\t<\/div>\n\t\t\t\t<\/div>\n\t\t\t\t<\/div>\n\t\t<div class=\"elementor-element elementor-element-5a42fc7 e-con-full e-flex e-con e-parent\" data-id=\"5a42fc7\" data-element_type=\"container\" data-e-type=\"container\">\n\t\t<div class=\"elementor-element elementor-element-40d0e3a e-con-full e-flex e-con e-parent\" data-id=\"40d0e3a\" data-element_type=\"container\" data-e-type=\"container\" data-settings=\"{&quot;background_background&quot;:&quot;classic&quot;}\">\n\t\t<div class=\"elementor-element elementor-element-c026190 e-con-full e-flex e-con e-parent\" data-id=\"c026190\" data-element_type=\"container\" data-e-type=\"container\">\n\t\t\t\t<div class=\"elementor-element elementor-element-2b87793 elementor-widget elementor-widget-heading\" data-id=\"2b87793\" data-element_type=\"widget\" data-e-type=\"widget\" data-widget_type=\"heading.default\">\n\t\t\t\t<div class=\"elementor-widget-container\">\n\t\t\t\t\t<h2 class=\"elementor-heading-title elementor-size-default\">They trusted me<\/h2>\t\t\t\t<\/div>\n\t\t\t\t<\/div>\n\t\t\t\t<\/div>\n\t\t<div class=\"elementor-element elementor-element-d849cf9 e-con-full e-flex e-con e-parent\" data-id=\"d849cf9\" data-element_type=\"container\" data-e-type=\"container\">\n\t\t\t\t<div class=\"elementor-element elementor-element-620ec10 elementor-widget__width-initial elementor-widget elementor-widget-shortcode\" data-id=\"620ec10\" data-element_type=\"widget\" data-e-type=\"widget\" data-widget_type=\"shortcode.default\">\n\t\t\t\t<div class=\"elementor-widget-container\">\n\t\t\t\t\t\t\t<div class=\"elementor-shortcode\"><\/div>\n\t\t\t\t\t\t<\/div>\n\t\t\t\t<\/div>\n\t\t\t\t<div class=\"elementor-element elementor-element-8315851 elementor-widget__width-initial elementor-widget elementor-widget-html\" data-id=\"8315851\" data-element_type=\"widget\" data-e-type=\"widget\" data-widget_type=\"html.default\">\n\t\t\t\t<div class=\"elementor-widget-container\">\n\t\t\t\t\t<script src=\"https:\/\/cdn1.mariages.net\/js\/wp-widget.js?nossl-sf-sui-20200612-01-GHFR48-1_www_m_\"><\/script>\n<div id=\"wp-widget-reviews\">\n    <div id=\"wp-widget-preview\">\n        Lire  <a href=\"https:\/\/www.mariages.net\/video-mariage\/aigal-wedding--e146607\/avis\" target=\"_blank\" rel=\"noopener\">nos avis<\/a> \u00e0 &nbsp;\n        <a href=\"https:\/\/www.mariages.net\" target=\"_blank\" rel=\"noopener\">\n            <img decoding=\"async\" src=\"https:\/\/cdn1.mariages.net\/assets\/img\/logos\/gen_logoHeader.svg\" height=\"20\" alt=\"\" title=\"\">\n        <\/a>\n    <\/div>\n<\/div>\n<script>wpShowReviews(146607, \"white\");<\/script>\n\t\t\t\t<\/div>\n\t\t\t\t<\/div>\n\t\t\t\t<\/div>\n\t\t\t\t<\/div>\n\t\t\t\t<\/div>\n\t\t\t\t<\/div>\n\t\t\t\t<\/div>\n\t\t\t\t\t\t<\/div>\n\t\t\t\t<\/div>\n\t\t\t\t\t<\/div>\n\t\t<\/div>\n\t\t\t\t\t<\/div>\n\t\t<\/section>\n\t\t\t\t<\/div>","protected":false},"excerpt":{"rendered":"","protected":false},"author":1,"featured_media":0,"parent":0,"menu_order":0,"comment_status":"closed","ping_status":"closed","template":"elementor_header_footer","meta":{"_acf_changed":false,"footnotes":""},"class_list":["post-48515","page","type-page","status-publish","hentry"],"acf":[],"_links":{"self":[{"href":"https:\/\/aigal.ch\/en\/wp-json\/wp\/v2\/pages\/48515","targetHints":{"allow":["GET"]}}],"collection":[{"href":"https:\/\/aigal.ch\/en\/wp-json\/wp\/v2\/pages"}],"about":[{"href":"https:\/\/aigal.ch\/en\/wp-json\/wp\/v2\/types\/page"}],"author":[{"embeddable":true,"href":"https:\/\/aigal.ch\/en\/wp-json\/wp\/v2\/users\/1"}],"replies":[{"embeddable":true,"href":"https:\/\/aigal.ch\/en\/wp-json\/wp\/v2\/comments?post=48515"}],"version-history":[{"count":2,"href":"https:\/\/aigal.ch\/en\/wp-json\/wp\/v2\/pages\/48515\/revisions"}],"predecessor-version":[{"id":48517,"href":"https:\/\/aigal.ch\/en\/wp-json\/wp\/v2\/pages\/48515\/revisions\/48517"}],"wp:attachment":[{"href":"https:\/\/aigal.ch\/en\/wp-json\/wp\/v2\/media?parent=48515"}],"curies":[{"name":"wp","href":"https:\/\/api.w.org\/{rel}","templated":true}]}}